{"id":228,"date":"2021-02-17T13:46:34","date_gmt":"2021-02-17T13:46:34","guid":{"rendered":"http:\/\/kartondobozok.com\/?post_type=product&#038;p=228"},"modified":"2022-05-06T08:50:54","modified_gmt":"2022-05-06T08:50:54","slug":"archivalo-doboz-325-x-395-x-300-mm","status":"publish","type":"product","link":"https:\/\/kartondobozok.com\/index.php\/termek\/archivalo-doboz-325-x-395-x-300-mm\/","title":{"rendered":"Archiv\u00e1l\u00f3 doboz 325 x 395 x 300 mm"},"content":{"rendered":"<p><strong><u>Ha m\u00e1r eleged van abb\u00f3l, hogy sok felesleges, de nem kidobhat\u00f3 dokumentumot kell t\u00e1rolnod \u00e9s rendszerezned, akkor itt az ideje az archiv\u00e1l\u00e1snak.\u00a0<\/u><\/strong><\/p>\n<p><em>A j\u00f3l kiv\u00e1lasztott archiv\u00e1l\u00f3 doboz seg\u00edts\u00e9g\u00e9vel eg\u00e9sz mapp\u00e1kat tudsz &#8220;els\u00fcllyeszteni&#8221;, felc\u00edmk\u00e9zni \u00e9s csak sz\u00fcks\u00e9g eset\u00e9n el\u0151venni.\u00a0<\/em><\/p>\n<h2>Az archiv\u00e1l\u00f3 dobozunk\u00a0<strong><u>er\u0151s kartonpap\u00edrb\u00f3l k\u00e9sz\u00fclt<\/u><\/strong>, \u00e9s lapraszerelt v\u00e1ltozatban rendelhet\u0151 meg t\u0151l\u00fcnk. \u00c9rkez\u00e9s ut\u00e1n csak ki kell nyitni \u00e9s m\u00e1ris pakolhat\u00f3v\u00e1 v\u00e1lik.<\/h2>\n<p>A tet\u0151 teljesen h\u00e1trahajthat\u00f3, \u00edgy\u00a0<strong>k\u00e9nyelmesen lehet megpakolni<\/strong>\u00a0vagy \u00e9pp kipakolni sz\u00fcks\u00e9g eset\u00e9n.<\/p>\n<p><strong><u>A pap\u00edr archiv\u00e1l\u00f3doboz haszn\u00e1lat\u00e1val tiszt\u00e1n \u00e9s rendszerezetten tudhatod fontos irataidat.<\/u><\/strong><\/p>\n<p><strong>Belm\u00e9ret:<\/strong><\/p>\n<ul>\n<li>Sz\u00e9less\u00e9g: 32,5 cm<\/li>\n<li>Hossz\u00fas\u00e1g: 39,5 cm<\/li>\n<li>Magass\u00e1g: 30 cm<\/li>\n<\/ul>\n<p><a class=\"button w-button\" href=\"https:\/\/www.fiorex.hu\/fiorex-fio-0192-archivalo-hullamkarton-doboz-kartondoboz-420x330x300-mm-503\" target=\"_blank\" rel=\"noopener noreferrer\">Tov\u00e1bb a webshopra<\/a><\/p>\n","protected":false},"excerpt":{"rendered":"<p>Ha m\u00e1r eleged van abb\u00f3l, hogy sok felesleges, de nem kidobhat\u00f3 dokumentumot kell t\u00e1rolnod \u00e9s rendszerezned, akkor itt az ideje&#8230;<\/p>\n","protected":false},"featured_media":229,"template":"","meta":[],"yoast_head":"<!-- This site is optimized with the Yoast SEO plugin v15.8 - https:\/\/yoast.com\/wordpress\/plugins\/seo\/ -->\n<title>Archiv\u00e1l\u00f3 doboz 325 x 395 x 300 mm - Kartondobozok.com<\/title>\n<meta name=\"robots\" content=\"index, follow, max-snippet:-1, max-image-preview:large, max-video-preview:-1\" \/>\n<link rel=\"canonical\" href=\"http:\/\/kartondobozok.com\/index.php\/termek\/archivalo-doboz-325-x-395-x-300-mm\/\" \/>\n<meta property=\"og:locale\" content=\"hu_HU\" \/>\n<meta property=\"og:type\" content=\"article\" \/>\n<meta property=\"og:title\" content=\"Archiv\u00e1l\u00f3 doboz 325 x 395 x 300 mm - Kartondobozok.com\" \/>\n<meta property=\"og:description\" content=\"Ha m\u00e1r eleged van abb\u00f3l, hogy sok felesleges, de nem kidobhat\u00f3 dokumentumot kell t\u00e1rolnod \u00e9s rendszerezned, akkor itt az ideje...\" \/>\n<meta property=\"og:url\" content=\"http:\/\/kartondobozok.com\/index.php\/termek\/archivalo-doboz-325-x-395-x-300-mm\/\" \/>\n<meta property=\"og:site_name\" content=\"Kartondobozok.com\" \/>\n<meta property=\"article:modified_time\" content=\"2022-05-06T08:50:54+00:00\" \/>\n<meta property=\"og:image\" content=\"https:\/\/kartondobozok.com\/wp-content\/uploads\/2021\/02\/FIO-0192-2.jpg\" \/>\n\t<meta property=\"og:image:width\" content=\"900\" \/>\n\t<meta property=\"og:image:height\" content=\"500\" \/>\n<meta name=\"twitter:card\" content=\"summary_large_image\" \/>\n<meta name=\"twitter:label1\" content=\"Becs\u00fclt olvas\u00e1si id\u0151\">\n\t<meta name=\"twitter:data1\" content=\"1 perc\">\n<script type=\"application\/ld+json\" class=\"yoast-schema-graph\">{\"@context\":\"https:\/\/schema.org\",\"@graph\":[{\"@type\":\"WebSite\",\"@id\":\"http:\/\/kartondobozok.com\/#website\",\"url\":\"http:\/\/kartondobozok.com\/\",\"name\":\"Kartondobozok.com\",\"description\":\"Kartondobozok minden m\\u00e9retben\",\"potentialAction\":[{\"@type\":\"SearchAction\",\"target\":\"http:\/\/kartondobozok.com\/?s={search_term_string}\",\"query-input\":\"required name=search_term_string\"}],\"inLanguage\":\"hu\"},{\"@type\":\"ImageObject\",\"@id\":\"http:\/\/kartondobozok.com\/index.php\/termek\/archivalo-doboz-325-x-395-x-300-mm\/#primaryimage\",\"inLanguage\":\"hu\",\"url\":\"https:\/\/kartondobozok.com\/wp-content\/uploads\/2021\/02\/FIO-0192-2.jpg\",\"width\":900,\"height\":500},{\"@type\":\"WebPage\",\"@id\":\"http:\/\/kartondobozok.com\/index.php\/termek\/archivalo-doboz-325-x-395-x-300-mm\/#webpage\",\"url\":\"http:\/\/kartondobozok.com\/index.php\/termek\/archivalo-doboz-325-x-395-x-300-mm\/\",\"name\":\"Archiv\\u00e1l\\u00f3 doboz 325 x 395 x 300 mm - Kartondobozok.com\",\"isPartOf\":{\"@id\":\"http:\/\/kartondobozok.com\/#website\"},\"primaryImageOfPage\":{\"@id\":\"http:\/\/kartondobozok.com\/index.php\/termek\/archivalo-doboz-325-x-395-x-300-mm\/#primaryimage\"},\"datePublished\":\"2021-02-17T13:46:34+00:00\",\"dateModified\":\"2022-05-06T08:50:54+00:00\",\"breadcrumb\":{\"@id\":\"http:\/\/kartondobozok.com\/index.php\/termek\/archivalo-doboz-325-x-395-x-300-mm\/#breadcrumb\"},\"inLanguage\":\"hu\",\"potentialAction\":[{\"@type\":\"ReadAction\",\"target\":[\"http:\/\/kartondobozok.com\/index.php\/termek\/archivalo-doboz-325-x-395-x-300-mm\/\"]}]},{\"@type\":\"BreadcrumbList\",\"@id\":\"http:\/\/kartondobozok.com\/index.php\/termek\/archivalo-doboz-325-x-395-x-300-mm\/#breadcrumb\",\"itemListElement\":[{\"@type\":\"ListItem\",\"position\":1,\"item\":{\"@type\":\"WebPage\",\"@id\":\"http:\/\/kartondobozok.com\/\",\"url\":\"http:\/\/kartondobozok.com\/\",\"name\":\"Home\"}},{\"@type\":\"ListItem\",\"position\":2,\"item\":{\"@type\":\"WebPage\",\"@id\":\"https:\/\/kartondobozok.com\/index.php\/uzlet\/\",\"url\":\"https:\/\/kartondobozok.com\/index.php\/uzlet\/\",\"name\":\"\\u00dczlet\"}},{\"@type\":\"ListItem\",\"position\":3,\"item\":{\"@type\":\"WebPage\",\"@id\":\"http:\/\/kartondobozok.com\/index.php\/termek\/archivalo-doboz-325-x-395-x-300-mm\/\",\"url\":\"http:\/\/kartondobozok.com\/index.php\/termek\/archivalo-doboz-325-x-395-x-300-mm\/\",\"name\":\"Archiv\\u00e1l\\u00f3 doboz 325 x 395 x 300 mm\"}}]}]}<\/script>\n<!-- \/ Yoast SEO plugin. -->","_links":{"self":[{"href":"https:\/\/kartondobozok.com\/index.php\/wp-json\/wp\/v2\/product\/228"}],"collection":[{"href":"https:\/\/kartondobozok.com\/index.php\/wp-json\/wp\/v2\/product"}],"about":[{"href":"https:\/\/kartondobozok.com\/index.php\/wp-json\/wp\/v2\/types\/product"}],"wp:featuredmedia":[{"embeddable":true,"href":"https:\/\/kartondobozok.com\/index.php\/wp-json\/wp\/v2\/media\/229"}],"wp:attachment":[{"href":"https:\/\/kartondobozok.com\/index.php\/wp-json\/wp\/v2\/media?parent=228"}],"curies":[{"name":"wp","href":"https:\/\/api.w.org\/{rel}","templated":true}]}}