{"id":250,"date":"2021-02-17T14:04:12","date_gmt":"2021-02-17T14:04:12","guid":{"rendered":"http:\/\/kartondobozok.com\/?post_type=product&#038;p=250"},"modified":"2022-05-06T08:50:00","modified_gmt":"2022-05-06T08:50:00","slug":"a3-360x260x110-mm-tf-kartondoboz","status":"publish","type":"product","link":"https:\/\/kartondobozok.com\/index.php\/termek\/a3-360x260x110-mm-tf-kartondoboz\/","title":{"rendered":"A3 360x260x110 mm TF kartondoboz"},"content":{"rendered":"<table class=\"parameter_table\">\n<tbody>\n<tr class=\"odd row-param-meret\">\n<td><strong>M\u00e9ret<span id=\"attr_tooltip-297a685e0f5ef3d716a94e146423a3e4\" class=\"paf-attr-icon paf-attr-icon-question-mark\"><\/span><\/strong><\/td>\n<td>300(+) mm hossz\u00fas\u00e1g\u00fa<\/td>\n<\/tr>\n<tr class=\"even row-param-tipus\">\n<td><strong>Term\u00e9k t\u00edpus<\/strong><\/td>\n<td>3 r\u00e9teg\u0171 doboz<\/td>\n<\/tr>\n<tr class=\"odd row-param-suly\">\n<td><strong>S\u00faly<\/strong><\/td>\n<td>192 g<\/td>\n<\/tr>\n<tr class=\"even\">\n<td><strong>T\u00edpus<\/strong><\/td>\n<td>A3 Hull\u00e1m kartondoboz<\/td>\n<\/tr>\n<tr class=\"odd\">\n<td><strong>Hossz\u00fas\u00e1g<\/strong><\/td>\n<td>36 cm<\/td>\n<\/tr>\n<tr class=\"even\">\n<td><strong>Sz\u00e9less\u00e9g<\/strong><\/td>\n<td>26 cm<\/td>\n<\/tr>\n<tr class=\"odd\">\n<td><strong>Magass\u00e1g<\/strong><\/td>\n<td>11 cm<\/td>\n<\/tr>\n<\/tbody>\n<\/table>\n<p><a class=\"button w-button\" href=\"https:\/\/www.fiorex.hu\/a3-doboz-360x260x110mm-tf-kartondoboz-fio-0201-510\" target=\"_blank\" rel=\"noopener noreferrer\">Tov\u00e1bb a webshopra<\/a><\/p>\n","protected":false},"excerpt":{"rendered":"<p>M\u00e9ret 300(+) mm hossz\u00fas\u00e1g\u00fa Term\u00e9k t\u00edpus 3 r\u00e9teg\u0171 doboz S\u00faly 192 g T\u00edpus A3 Hull\u00e1m kartondoboz Hossz\u00fas\u00e1g 36 cm Sz\u00e9less\u00e9g&#8230;<\/p>\n","protected":false},"featured_media":253,"template":"","meta":[],"yoast_head":"<!-- This site is optimized with the Yoast SEO plugin v15.8 - https:\/\/yoast.com\/wordpress\/plugins\/seo\/ -->\n<title>A3 360x260x110 mm TF kartondoboz - Kartondobozok.com<\/title>\n<meta name=\"robots\" content=\"index, follow, max-snippet:-1, max-image-preview:large, max-video-preview:-1\" \/>\n<link rel=\"canonical\" href=\"http:\/\/kartondobozok.com\/index.php\/termek\/a3-360x260x110-mm-tf-kartondoboz\/\" \/>\n<meta property=\"og:locale\" content=\"hu_HU\" \/>\n<meta property=\"og:type\" content=\"article\" \/>\n<meta property=\"og:title\" content=\"A3 360x260x110 mm TF kartondoboz - Kartondobozok.com\" \/>\n<meta property=\"og:description\" content=\"M\u00e9ret 300(+) mm hossz\u00fas\u00e1g\u00fa Term\u00e9k t\u00edpus 3 r\u00e9teg\u0171 doboz S\u00faly 192 g T\u00edpus A3 Hull\u00e1m kartondoboz Hossz\u00fas\u00e1g 36 cm Sz\u00e9less\u00e9g...\" \/>\n<meta property=\"og:url\" content=\"http:\/\/kartondobozok.com\/index.php\/termek\/a3-360x260x110-mm-tf-kartondoboz\/\" \/>\n<meta property=\"og:site_name\" content=\"Kartondobozok.com\" \/>\n<meta property=\"article:modified_time\" content=\"2022-05-06T08:50:00+00:00\" \/>\n<meta property=\"og:image\" content=\"https:\/\/kartondobozok.com\/wp-content\/uploads\/2021\/02\/FIO-0201-3.jpg\" \/>\n\t<meta property=\"og:image:width\" content=\"900\" \/>\n\t<meta property=\"og:image:height\" content=\"500\" \/>\n<meta name=\"twitter:card\" content=\"summary_large_image\" \/>\n<meta name=\"twitter:label1\" content=\"Becs\u00fclt olvas\u00e1si id\u0151\">\n\t<meta name=\"twitter:data1\" content=\"1 perc\">\n<script type=\"application\/ld+json\" class=\"yoast-schema-graph\">{\"@context\":\"https:\/\/schema.org\",\"@graph\":[{\"@type\":\"WebSite\",\"@id\":\"http:\/\/kartondobozok.com\/#website\",\"url\":\"http:\/\/kartondobozok.com\/\",\"name\":\"Kartondobozok.com\",\"description\":\"Kartondobozok minden m\\u00e9retben\",\"potentialAction\":[{\"@type\":\"SearchAction\",\"target\":\"http:\/\/kartondobozok.com\/?s={search_term_string}\",\"query-input\":\"required name=search_term_string\"}],\"inLanguage\":\"hu\"},{\"@type\":\"ImageObject\",\"@id\":\"http:\/\/kartondobozok.com\/index.php\/termek\/a3-360x260x110-mm-tf-kartondoboz\/#primaryimage\",\"inLanguage\":\"hu\",\"url\":\"https:\/\/kartondobozok.com\/wp-content\/uploads\/2021\/02\/FIO-0201-3.jpg\",\"width\":900,\"height\":500},{\"@type\":\"WebPage\",\"@id\":\"http:\/\/kartondobozok.com\/index.php\/termek\/a3-360x260x110-mm-tf-kartondoboz\/#webpage\",\"url\":\"http:\/\/kartondobozok.com\/index.php\/termek\/a3-360x260x110-mm-tf-kartondoboz\/\",\"name\":\"A3 360x260x110 mm TF kartondoboz - Kartondobozok.com\",\"isPartOf\":{\"@id\":\"http:\/\/kartondobozok.com\/#website\"},\"primaryImageOfPage\":{\"@id\":\"http:\/\/kartondobozok.com\/index.php\/termek\/a3-360x260x110-mm-tf-kartondoboz\/#primaryimage\"},\"datePublished\":\"2021-02-17T14:04:12+00:00\",\"dateModified\":\"2022-05-06T08:50:00+00:00\",\"breadcrumb\":{\"@id\":\"http:\/\/kartondobozok.com\/index.php\/termek\/a3-360x260x110-mm-tf-kartondoboz\/#breadcrumb\"},\"inLanguage\":\"hu\",\"potentialAction\":[{\"@type\":\"ReadAction\",\"target\":[\"http:\/\/kartondobozok.com\/index.php\/termek\/a3-360x260x110-mm-tf-kartondoboz\/\"]}]},{\"@type\":\"BreadcrumbList\",\"@id\":\"http:\/\/kartondobozok.com\/index.php\/termek\/a3-360x260x110-mm-tf-kartondoboz\/#breadcrumb\",\"itemListElement\":[{\"@type\":\"ListItem\",\"position\":1,\"item\":{\"@type\":\"WebPage\",\"@id\":\"http:\/\/kartondobozok.com\/\",\"url\":\"http:\/\/kartondobozok.com\/\",\"name\":\"Home\"}},{\"@type\":\"ListItem\",\"position\":2,\"item\":{\"@type\":\"WebPage\",\"@id\":\"https:\/\/kartondobozok.com\/index.php\/uzlet\/\",\"url\":\"https:\/\/kartondobozok.com\/index.php\/uzlet\/\",\"name\":\"\\u00dczlet\"}},{\"@type\":\"ListItem\",\"position\":3,\"item\":{\"@type\":\"WebPage\",\"@id\":\"http:\/\/kartondobozok.com\/index.php\/termek\/a3-360x260x110-mm-tf-kartondoboz\/\",\"url\":\"http:\/\/kartondobozok.com\/index.php\/termek\/a3-360x260x110-mm-tf-kartondoboz\/\",\"name\":\"A3 360x260x110 mm TF kartondoboz\"}}]}]}<\/script>\n<!-- \/ Yoast SEO plugin. -->","_links":{"self":[{"href":"https:\/\/kartondobozok.com\/index.php\/wp-json\/wp\/v2\/product\/250"}],"collection":[{"href":"https:\/\/kartondobozok.com\/index.php\/wp-json\/wp\/v2\/product"}],"about":[{"href":"https:\/\/kartondobozok.com\/index.php\/wp-json\/wp\/v2\/types\/product"}],"wp:featuredmedia":[{"embeddable":true,"href":"https:\/\/kartondobozok.com\/index.php\/wp-json\/wp\/v2\/media\/253"}],"wp:attachment":[{"href":"https:\/\/kartondobozok.com\/index.php\/wp-json\/wp\/v2\/media?parent=250"}],"curies":[{"name":"wp","href":"https:\/\/api.w.org\/{rel}","templated":true}]}}