{"id":265,"date":"2021-02-17T14:11:27","date_gmt":"2021-02-17T14:11:27","guid":{"rendered":"http:\/\/kartondobozok.com\/?post_type=product&#038;p=265"},"modified":"2022-05-06T08:49:13","modified_gmt":"2022-05-06T08:49:13","slug":"a6-340x225x320-mm-kartondoboz","status":"publish","type":"product","link":"https:\/\/kartondobozok.com\/index.php\/termek\/a6-340x225x320-mm-kartondoboz\/","title":{"rendered":"A6 340x225x320 mm kartondoboz"},"content":{"rendered":"<table class=\"parameter_table\">\n<tbody>\n<tr class=\"odd row-param-meret\">\n<td><strong>M\u00e9ret<span id=\"attr_tooltip-10f104d0893f6a87d858cc9fb98a38b4\" class=\"paf-attr-icon paf-attr-icon-question-mark\"><\/span><\/strong><\/td>\n<td>300(+) mm hossz\u00fas\u00e1g\u00fa<\/td>\n<\/tr>\n<tr class=\"even row-param-tipus\">\n<td><strong>Term\u00e9k t\u00edpus<\/strong><\/td>\n<td>3 r\u00e9teg\u0171 doboz<\/td>\n<\/tr>\n<tr class=\"odd row-param-suly\">\n<td><strong>S\u00faly<\/strong><\/td>\n<td>250 g<\/td>\n<\/tr>\n<tr class=\"even\">\n<td><strong>T\u00edpus<\/strong><\/td>\n<td>A6 Hull\u00e1mkarton doboz<\/td>\n<\/tr>\n<tr class=\"odd\">\n<td><strong>Hossz\u00fas\u00e1g<\/strong><\/td>\n<td>34 cm<\/td>\n<\/tr>\n<tr class=\"even\">\n<td><strong>Sz\u00e9less\u00e9g<\/strong><\/td>\n<td>22,5 cm<\/td>\n<\/tr>\n<tr class=\"odd\">\n<td><strong>Magass\u00e1g<\/strong><\/td>\n<td>32 cm<\/td>\n<\/tr>\n<\/tbody>\n<\/table>\n<p><a class=\"button w-button\" href=\"https:\/\/www.fiorex.hu\/a6-doboz-340x225x320mm-tf-kartondoboz-fio-0416-601\" target=\"_blank\" rel=\"noopener noreferrer\">Tov\u00e1bb a webshopra<\/a><\/p>\n","protected":false},"excerpt":{"rendered":"<p>M\u00e9ret 300(+) mm hossz\u00fas\u00e1g\u00fa Term\u00e9k t\u00edpus 3 r\u00e9teg\u0171 doboz S\u00faly 250 g T\u00edpus A6 Hull\u00e1mkarton doboz Hossz\u00fas\u00e1g 34 cm Sz\u00e9less\u00e9g&#8230;<\/p>\n","protected":false},"featured_media":268,"template":"","meta":[],"yoast_head":"<!-- This site is optimized with the Yoast SEO plugin v15.8 - https:\/\/yoast.com\/wordpress\/plugins\/seo\/ -->\n<title>A6 340x225x320 mm kartondoboz - Kartondobozok.com<\/title>\n<meta name=\"robots\" content=\"index, follow, max-snippet:-1, max-image-preview:large, max-video-preview:-1\" \/>\n<link rel=\"canonical\" href=\"http:\/\/kartondobozok.com\/index.php\/termek\/a6-340x225x320-mm-kartondoboz\/\" \/>\n<meta property=\"og:locale\" content=\"hu_HU\" \/>\n<meta property=\"og:type\" content=\"article\" \/>\n<meta property=\"og:title\" content=\"A6 340x225x320 mm kartondoboz - Kartondobozok.com\" \/>\n<meta property=\"og:description\" content=\"M\u00e9ret 300(+) mm hossz\u00fas\u00e1g\u00fa Term\u00e9k t\u00edpus 3 r\u00e9teg\u0171 doboz S\u00faly 250 g T\u00edpus A6 Hull\u00e1mkarton doboz Hossz\u00fas\u00e1g 34 cm Sz\u00e9less\u00e9g...\" \/>\n<meta property=\"og:url\" content=\"http:\/\/kartondobozok.com\/index.php\/termek\/a6-340x225x320-mm-kartondoboz\/\" \/>\n<meta property=\"og:site_name\" content=\"Kartondobozok.com\" \/>\n<meta property=\"article:modified_time\" content=\"2022-05-06T08:49:13+00:00\" \/>\n<meta property=\"og:image\" content=\"https:\/\/kartondobozok.com\/wp-content\/uploads\/2021\/02\/FIO-0416-3.jpg\" \/>\n\t<meta property=\"og:image:width\" content=\"900\" \/>\n\t<meta property=\"og:image:height\" content=\"500\" \/>\n<meta name=\"twitter:card\" content=\"summary_large_image\" \/>\n<meta name=\"twitter:label1\" content=\"Becs\u00fclt olvas\u00e1si id\u0151\">\n\t<meta name=\"twitter:data1\" content=\"1 perc\">\n<script type=\"application\/ld+json\" class=\"yoast-schema-graph\">{\"@context\":\"https:\/\/schema.org\",\"@graph\":[{\"@type\":\"WebSite\",\"@id\":\"http:\/\/kartondobozok.com\/#website\",\"url\":\"http:\/\/kartondobozok.com\/\",\"name\":\"Kartondobozok.com\",\"description\":\"Kartondobozok minden m\\u00e9retben\",\"potentialAction\":[{\"@type\":\"SearchAction\",\"target\":\"http:\/\/kartondobozok.com\/?s={search_term_string}\",\"query-input\":\"required name=search_term_string\"}],\"inLanguage\":\"hu\"},{\"@type\":\"ImageObject\",\"@id\":\"http:\/\/kartondobozok.com\/index.php\/termek\/a6-340x225x320-mm-kartondoboz\/#primaryimage\",\"inLanguage\":\"hu\",\"url\":\"https:\/\/kartondobozok.com\/wp-content\/uploads\/2021\/02\/FIO-0416-3.jpg\",\"width\":900,\"height\":500},{\"@type\":\"WebPage\",\"@id\":\"http:\/\/kartondobozok.com\/index.php\/termek\/a6-340x225x320-mm-kartondoboz\/#webpage\",\"url\":\"http:\/\/kartondobozok.com\/index.php\/termek\/a6-340x225x320-mm-kartondoboz\/\",\"name\":\"A6 340x225x320 mm kartondoboz - Kartondobozok.com\",\"isPartOf\":{\"@id\":\"http:\/\/kartondobozok.com\/#website\"},\"primaryImageOfPage\":{\"@id\":\"http:\/\/kartondobozok.com\/index.php\/termek\/a6-340x225x320-mm-kartondoboz\/#primaryimage\"},\"datePublished\":\"2021-02-17T14:11:27+00:00\",\"dateModified\":\"2022-05-06T08:49:13+00:00\",\"breadcrumb\":{\"@id\":\"http:\/\/kartondobozok.com\/index.php\/termek\/a6-340x225x320-mm-kartondoboz\/#breadcrumb\"},\"inLanguage\":\"hu\",\"potentialAction\":[{\"@type\":\"ReadAction\",\"target\":[\"http:\/\/kartondobozok.com\/index.php\/termek\/a6-340x225x320-mm-kartondoboz\/\"]}]},{\"@type\":\"BreadcrumbList\",\"@id\":\"http:\/\/kartondobozok.com\/index.php\/termek\/a6-340x225x320-mm-kartondoboz\/#breadcrumb\",\"itemListElement\":[{\"@type\":\"ListItem\",\"position\":1,\"item\":{\"@type\":\"WebPage\",\"@id\":\"http:\/\/kartondobozok.com\/\",\"url\":\"http:\/\/kartondobozok.com\/\",\"name\":\"Home\"}},{\"@type\":\"ListItem\",\"position\":2,\"item\":{\"@type\":\"WebPage\",\"@id\":\"https:\/\/kartondobozok.com\/index.php\/uzlet\/\",\"url\":\"https:\/\/kartondobozok.com\/index.php\/uzlet\/\",\"name\":\"\\u00dczlet\"}},{\"@type\":\"ListItem\",\"position\":3,\"item\":{\"@type\":\"WebPage\",\"@id\":\"http:\/\/kartondobozok.com\/index.php\/termek\/a6-340x225x320-mm-kartondoboz\/\",\"url\":\"http:\/\/kartondobozok.com\/index.php\/termek\/a6-340x225x320-mm-kartondoboz\/\",\"name\":\"A6 340x225x320 mm kartondoboz\"}}]}]}<\/script>\n<!-- \/ Yoast SEO plugin. -->","_links":{"self":[{"href":"https:\/\/kartondobozok.com\/index.php\/wp-json\/wp\/v2\/product\/265"}],"collection":[{"href":"https:\/\/kartondobozok.com\/index.php\/wp-json\/wp\/v2\/product"}],"about":[{"href":"https:\/\/kartondobozok.com\/index.php\/wp-json\/wp\/v2\/types\/product"}],"wp:featuredmedia":[{"embeddable":true,"href":"https:\/\/kartondobozok.com\/index.php\/wp-json\/wp\/v2\/media\/268"}],"wp:attachment":[{"href":"https:\/\/kartondobozok.com\/index.php\/wp-json\/wp\/v2\/media?parent=265"}],"curies":[{"name":"wp","href":"https:\/\/api.w.org\/{rel}","templated":true}]}}