{"id":337,"date":"2021-02-17T14:51:16","date_gmt":"2021-02-17T14:51:16","guid":{"rendered":"http:\/\/kartondobozok.com\/?post_type=product&#038;p=337"},"modified":"2021-11-03T13:37:25","modified_gmt":"2021-11-03T13:37:25","slug":"b3-480x290x180-mm-31bc-5-retegu-hullamkarton-doboz","status":"publish","type":"product","link":"https:\/\/kartondobozok.com\/index.php\/termek\/b3-480x290x180-mm-31bc-5-retegu-hullamkarton-doboz\/","title":{"rendered":"B3 480x290x180 mm 31BC, 5 r\u00e9teg\u0171 Hull\u00e1mkarton doboz"},"content":{"rendered":"<table class=\"parameter_table\">\n<tbody>\n<tr class=\"odd row-param-meret\">\n<td><strong>M\u00e9ret<span id=\"attr_tooltip-8571b9d12f277fef264a6eaab9a8f2a1\" class=\"paf-attr-icon paf-attr-icon-question-mark\"><\/span><\/strong><\/td>\n<td>400(+) mm hossz\u00fas\u00e1g\u00fa<\/td>\n<\/tr>\n<tr class=\"even row-param-tipus\">\n<td><strong>Term\u00e9k t\u00edpus<\/strong><\/td>\n<td>5 r\u00e9teg\u0171 doboz<\/td>\n<\/tr>\n<tr class=\"odd row-param-suly\">\n<td><strong>S\u00faly<\/strong><\/td>\n<td>480 g<\/td>\n<\/tr>\n<tr class=\"even\">\n<td><strong>T\u00edpus<\/strong><\/td>\n<td>5 r\u00e9teg\u0171 doboz<\/td>\n<\/tr>\n<tr class=\"odd\">\n<td><strong>Hossz\u00fas\u00e1g<\/strong><\/td>\n<td>48 cm<\/td>\n<\/tr>\n<tr class=\"even\">\n<td><strong>Sz\u00e9less\u00e9g<\/strong><\/td>\n<td>29 cm<\/td>\n<\/tr>\n<tr class=\"odd\">\n<td><strong>Magass\u00e1g<\/strong><\/td>\n<td>18 cm<\/td>\n<\/tr>\n<\/tbody>\n<\/table>\n<p><a class=\"button w-button\" href=\"https:\/\/www.fiorex.hu\/480x290x180-mm-31bc-5-retegu-hullamkarton-doboz-2196\" target=\"_blank\" rel=\"noopener noreferrer\">Tov\u00e1bb a webshopra<\/a><\/p>\n","protected":false},"excerpt":{"rendered":"<p>M\u00e9ret 400(+) mm hossz\u00fas\u00e1g\u00fa Term\u00e9k t\u00edpus 5 r\u00e9teg\u0171 doboz S\u00faly 480 g T\u00edpus 5 r\u00e9teg\u0171 doboz Hossz\u00fas\u00e1g 48 cm Sz\u00e9less\u00e9g&#8230;<\/p>\n","protected":false},"featured_media":340,"template":"","meta":[],"yoast_head":"<!-- This site is optimized with the Yoast SEO plugin v15.8 - https:\/\/yoast.com\/wordpress\/plugins\/seo\/ -->\n<title>B3 480x290x180 mm 31BC, 5 r\u00e9teg\u0171 Hull\u00e1mkarton doboz - Kartondobozok.com<\/title>\n<meta name=\"robots\" content=\"index, follow, max-snippet:-1, max-image-preview:large, max-video-preview:-1\" \/>\n<link rel=\"canonical\" href=\"http:\/\/kartondobozok.com\/index.php\/termek\/b3-480x290x180-mm-31bc-5-retegu-hullamkarton-doboz\/\" \/>\n<meta property=\"og:locale\" content=\"hu_HU\" \/>\n<meta property=\"og:type\" content=\"article\" \/>\n<meta property=\"og:title\" content=\"B3 480x290x180 mm 31BC, 5 r\u00e9teg\u0171 Hull\u00e1mkarton doboz - Kartondobozok.com\" \/>\n<meta property=\"og:description\" content=\"M\u00e9ret 400(+) mm hossz\u00fas\u00e1g\u00fa Term\u00e9k t\u00edpus 5 r\u00e9teg\u0171 doboz S\u00faly 480 g T\u00edpus 5 r\u00e9teg\u0171 doboz Hossz\u00fas\u00e1g 48 cm Sz\u00e9less\u00e9g...\" \/>\n<meta property=\"og:url\" content=\"http:\/\/kartondobozok.com\/index.php\/termek\/b3-480x290x180-mm-31bc-5-retegu-hullamkarton-doboz\/\" \/>\n<meta property=\"og:site_name\" content=\"Kartondobozok.com\" \/>\n<meta property=\"article:modified_time\" content=\"2021-11-03T13:37:25+00:00\" \/>\n<meta property=\"og:image\" content=\"https:\/\/kartondobozok.com\/wp-content\/uploads\/2021\/02\/FIO-1083.jpg\" \/>\n\t<meta property=\"og:image:width\" content=\"900\" \/>\n\t<meta property=\"og:image:height\" content=\"500\" \/>\n<meta name=\"twitter:card\" content=\"summary_large_image\" \/>\n<meta name=\"twitter:label1\" content=\"Becs\u00fclt olvas\u00e1si id\u0151\">\n\t<meta name=\"twitter:data1\" content=\"1 perc\">\n<script type=\"application\/ld+json\" class=\"yoast-schema-graph\">{\"@context\":\"https:\/\/schema.org\",\"@graph\":[{\"@type\":\"WebSite\",\"@id\":\"http:\/\/kartondobozok.com\/#website\",\"url\":\"http:\/\/kartondobozok.com\/\",\"name\":\"Kartondobozok.com\",\"description\":\"Kartondobozok minden m\\u00e9retben\",\"potentialAction\":[{\"@type\":\"SearchAction\",\"target\":\"http:\/\/kartondobozok.com\/?s={search_term_string}\",\"query-input\":\"required name=search_term_string\"}],\"inLanguage\":\"hu\"},{\"@type\":\"ImageObject\",\"@id\":\"http:\/\/kartondobozok.com\/index.php\/termek\/b3-480x290x180-mm-31bc-5-retegu-hullamkarton-doboz\/#primaryimage\",\"inLanguage\":\"hu\",\"url\":\"https:\/\/kartondobozok.com\/wp-content\/uploads\/2021\/02\/FIO-1083.jpg\",\"width\":900,\"height\":500},{\"@type\":\"WebPage\",\"@id\":\"http:\/\/kartondobozok.com\/index.php\/termek\/b3-480x290x180-mm-31bc-5-retegu-hullamkarton-doboz\/#webpage\",\"url\":\"http:\/\/kartondobozok.com\/index.php\/termek\/b3-480x290x180-mm-31bc-5-retegu-hullamkarton-doboz\/\",\"name\":\"B3 480x290x180 mm 31BC, 5 r\\u00e9teg\\u0171 Hull\\u00e1mkarton doboz - Kartondobozok.com\",\"isPartOf\":{\"@id\":\"http:\/\/kartondobozok.com\/#website\"},\"primaryImageOfPage\":{\"@id\":\"http:\/\/kartondobozok.com\/index.php\/termek\/b3-480x290x180-mm-31bc-5-retegu-hullamkarton-doboz\/#primaryimage\"},\"datePublished\":\"2021-02-17T14:51:16+00:00\",\"dateModified\":\"2021-11-03T13:37:25+00:00\",\"breadcrumb\":{\"@id\":\"http:\/\/kartondobozok.com\/index.php\/termek\/b3-480x290x180-mm-31bc-5-retegu-hullamkarton-doboz\/#breadcrumb\"},\"inLanguage\":\"hu\",\"potentialAction\":[{\"@type\":\"ReadAction\",\"target\":[\"http:\/\/kartondobozok.com\/index.php\/termek\/b3-480x290x180-mm-31bc-5-retegu-hullamkarton-doboz\/\"]}]},{\"@type\":\"BreadcrumbList\",\"@id\":\"http:\/\/kartondobozok.com\/index.php\/termek\/b3-480x290x180-mm-31bc-5-retegu-hullamkarton-doboz\/#breadcrumb\",\"itemListElement\":[{\"@type\":\"ListItem\",\"position\":1,\"item\":{\"@type\":\"WebPage\",\"@id\":\"http:\/\/kartondobozok.com\/\",\"url\":\"http:\/\/kartondobozok.com\/\",\"name\":\"Home\"}},{\"@type\":\"ListItem\",\"position\":2,\"item\":{\"@type\":\"WebPage\",\"@id\":\"https:\/\/kartondobozok.com\/index.php\/uzlet\/\",\"url\":\"https:\/\/kartondobozok.com\/index.php\/uzlet\/\",\"name\":\"\\u00dczlet\"}},{\"@type\":\"ListItem\",\"position\":3,\"item\":{\"@type\":\"WebPage\",\"@id\":\"http:\/\/kartondobozok.com\/index.php\/termek\/b3-480x290x180-mm-31bc-5-retegu-hullamkarton-doboz\/\",\"url\":\"http:\/\/kartondobozok.com\/index.php\/termek\/b3-480x290x180-mm-31bc-5-retegu-hullamkarton-doboz\/\",\"name\":\"B3 480x290x180 mm 31BC, 5 r\\u00e9teg\\u0171 Hull\\u00e1mkarton doboz\"}}]}]}<\/script>\n<!-- \/ Yoast SEO plugin. -->","_links":{"self":[{"href":"https:\/\/kartondobozok.com\/index.php\/wp-json\/wp\/v2\/product\/337"}],"collection":[{"href":"https:\/\/kartondobozok.com\/index.php\/wp-json\/wp\/v2\/product"}],"about":[{"href":"https:\/\/kartondobozok.com\/index.php\/wp-json\/wp\/v2\/types\/product"}],"wp:featuredmedia":[{"embeddable":true,"href":"https:\/\/kartondobozok.com\/index.php\/wp-json\/wp\/v2\/media\/340"}],"wp:attachment":[{"href":"https:\/\/kartondobozok.com\/index.php\/wp-json\/wp\/v2\/media?parent=337"}],"curies":[{"name":"wp","href":"https:\/\/api.w.org\/{rel}","templated":true}]}}