{"id":414,"date":"2021-02-22T07:47:49","date_gmt":"2021-02-22T07:47:49","guid":{"rendered":"http:\/\/kartondobozok.com\/?post_type=product&#038;p=414"},"modified":"2024-02-05T13:00:29","modified_gmt":"2024-02-05T13:00:29","slug":"a48-kartondoboz-600x300x200-mm-tf","status":"publish","type":"product","link":"https:\/\/kartondobozok.com\/index.php\/termek\/a48-kartondoboz-600x300x200-mm-tf\/","title":{"rendered":"A48 Kartondoboz 600x300x200 mm TF"},"content":{"rendered":"<table class=\"parameter_table\">\n<tbody>\n<tr class=\"odd row-param-tipus\">\n<td><strong>Term\u00e9k t\u00edpus<\/strong><\/td>\n<td>3 r\u00e9teg\u0171 doboz<\/td>\n<\/tr>\n<tr class=\"even row-param-suly\">\n<td><strong>S\u00faly<\/strong><\/td>\n<td>0,361 kg<\/td>\n<\/tr>\n<tr class=\"odd\">\n<td><strong>T\u00edpus<\/strong><\/td>\n<td>A48 Hull\u00e1m kartondoboz<\/td>\n<\/tr>\n<tr class=\"even\">\n<td><strong>Hossz\u00fas\u00e1g<\/strong><\/td>\n<td>60 cm<\/td>\n<\/tr>\n<tr class=\"odd\">\n<td><strong>Sz\u00e9less\u00e9g<\/strong><\/td>\n<td>30 cm<\/td>\n<\/tr>\n<tr class=\"even\">\n<td><strong>Magass\u00e1g<\/strong><\/td>\n<td>20 cm<\/td>\n<\/tr>\n<\/tbody>\n<\/table>\n<p><a class=\"button w-button\" href=\"https:\/\/www.fiorex.hu\/a48-kartondoboz-600x300x200-mm-tf-kartondoboz-2264\" target=\"_blank\" rel=\"noopener noreferrer\">Tov\u00e1bb a webshopra<\/a><\/p>\n","protected":false},"excerpt":{"rendered":"<p>Term\u00e9k t\u00edpus 3 r\u00e9teg\u0171 doboz S\u00faly 0,361 kg T\u00edpus A48 Hull\u00e1m kartondoboz Hossz\u00fas\u00e1g 60 cm Sz\u00e9less\u00e9g 30 cm Magass\u00e1g 20&#8230;<\/p>\n","protected":false},"featured_media":477,"template":"","meta":[],"yoast_head":"<!-- This site is optimized with the Yoast SEO plugin v15.8 - https:\/\/yoast.com\/wordpress\/plugins\/seo\/ -->\n<title>A48 Kartondoboz 600x300x200 mm TF - Kartondobozok.com<\/title>\n<meta name=\"robots\" content=\"index, follow, max-snippet:-1, max-image-preview:large, max-video-preview:-1\" \/>\n<link rel=\"canonical\" href=\"http:\/\/kartondobozok.com\/index.php\/termek\/a48-kartondoboz-600x300x200-mm-tf\/\" \/>\n<meta property=\"og:locale\" content=\"hu_HU\" \/>\n<meta property=\"og:type\" content=\"article\" \/>\n<meta property=\"og:title\" content=\"A48 Kartondoboz 600x300x200 mm TF - Kartondobozok.com\" \/>\n<meta property=\"og:description\" content=\"Term\u00e9k t\u00edpus 3 r\u00e9teg\u0171 doboz S\u00faly 0,361 kg T\u00edpus A48 Hull\u00e1m kartondoboz Hossz\u00fas\u00e1g 60 cm Sz\u00e9less\u00e9g 30 cm Magass\u00e1g 20...\" \/>\n<meta property=\"og:url\" content=\"http:\/\/kartondobozok.com\/index.php\/termek\/a48-kartondoboz-600x300x200-mm-tf\/\" \/>\n<meta property=\"og:site_name\" content=\"Kartondobozok.com\" \/>\n<meta property=\"article:modified_time\" content=\"2024-02-05T13:00:29+00:00\" \/>\n<meta property=\"og:image\" content=\"https:\/\/kartondobozok.com\/wp-content\/uploads\/2021\/02\/FIO-1601.jpg\" \/>\n\t<meta property=\"og:image:width\" content=\"800\" \/>\n\t<meta property=\"og:image:height\" content=\"800\" \/>\n<meta name=\"twitter:card\" content=\"summary_large_image\" \/>\n<meta name=\"twitter:label1\" content=\"Becs\u00fclt olvas\u00e1si id\u0151\">\n\t<meta name=\"twitter:data1\" content=\"1 perc\">\n<script type=\"application\/ld+json\" class=\"yoast-schema-graph\">{\"@context\":\"https:\/\/schema.org\",\"@graph\":[{\"@type\":\"WebSite\",\"@id\":\"http:\/\/kartondobozok.com\/#website\",\"url\":\"http:\/\/kartondobozok.com\/\",\"name\":\"Kartondobozok.com\",\"description\":\"Kartondobozok minden m\\u00e9retben\",\"potentialAction\":[{\"@type\":\"SearchAction\",\"target\":\"http:\/\/kartondobozok.com\/?s={search_term_string}\",\"query-input\":\"required name=search_term_string\"}],\"inLanguage\":\"hu\"},{\"@type\":\"ImageObject\",\"@id\":\"http:\/\/kartondobozok.com\/index.php\/termek\/a48-kartondoboz-600x300x200-mm-tf\/#primaryimage\",\"inLanguage\":\"hu\",\"url\":\"https:\/\/kartondobozok.com\/wp-content\/uploads\/2021\/02\/FIO-1601.jpg\",\"width\":800,\"height\":800},{\"@type\":\"WebPage\",\"@id\":\"http:\/\/kartondobozok.com\/index.php\/termek\/a48-kartondoboz-600x300x200-mm-tf\/#webpage\",\"url\":\"http:\/\/kartondobozok.com\/index.php\/termek\/a48-kartondoboz-600x300x200-mm-tf\/\",\"name\":\"A48 Kartondoboz 600x300x200 mm TF - Kartondobozok.com\",\"isPartOf\":{\"@id\":\"http:\/\/kartondobozok.com\/#website\"},\"primaryImageOfPage\":{\"@id\":\"http:\/\/kartondobozok.com\/index.php\/termek\/a48-kartondoboz-600x300x200-mm-tf\/#primaryimage\"},\"datePublished\":\"2021-02-22T07:47:49+00:00\",\"dateModified\":\"2024-02-05T13:00:29+00:00\",\"breadcrumb\":{\"@id\":\"http:\/\/kartondobozok.com\/index.php\/termek\/a48-kartondoboz-600x300x200-mm-tf\/#breadcrumb\"},\"inLanguage\":\"hu\",\"potentialAction\":[{\"@type\":\"ReadAction\",\"target\":[\"http:\/\/kartondobozok.com\/index.php\/termek\/a48-kartondoboz-600x300x200-mm-tf\/\"]}]},{\"@type\":\"BreadcrumbList\",\"@id\":\"http:\/\/kartondobozok.com\/index.php\/termek\/a48-kartondoboz-600x300x200-mm-tf\/#breadcrumb\",\"itemListElement\":[{\"@type\":\"ListItem\",\"position\":1,\"item\":{\"@type\":\"WebPage\",\"@id\":\"http:\/\/kartondobozok.com\/\",\"url\":\"http:\/\/kartondobozok.com\/\",\"name\":\"Home\"}},{\"@type\":\"ListItem\",\"position\":2,\"item\":{\"@type\":\"WebPage\",\"@id\":\"https:\/\/kartondobozok.com\/index.php\/uzlet\/\",\"url\":\"https:\/\/kartondobozok.com\/index.php\/uzlet\/\",\"name\":\"\\u00dczlet\"}},{\"@type\":\"ListItem\",\"position\":3,\"item\":{\"@type\":\"WebPage\",\"@id\":\"http:\/\/kartondobozok.com\/index.php\/termek\/a48-kartondoboz-600x300x200-mm-tf\/\",\"url\":\"http:\/\/kartondobozok.com\/index.php\/termek\/a48-kartondoboz-600x300x200-mm-tf\/\",\"name\":\"A48 Kartondoboz 600x300x200 mm TF\"}}]}]}<\/script>\n<!-- \/ Yoast SEO plugin. -->","_links":{"self":[{"href":"https:\/\/kartondobozok.com\/index.php\/wp-json\/wp\/v2\/product\/414"}],"collection":[{"href":"https:\/\/kartondobozok.com\/index.php\/wp-json\/wp\/v2\/product"}],"about":[{"href":"https:\/\/kartondobozok.com\/index.php\/wp-json\/wp\/v2\/types\/product"}],"wp:featuredmedia":[{"embeddable":true,"href":"https:\/\/kartondobozok.com\/index.php\/wp-json\/wp\/v2\/media\/477"}],"wp:attachment":[{"href":"https:\/\/kartondobozok.com\/index.php\/wp-json\/wp\/v2\/media?parent=414"}],"curies":[{"name":"wp","href":"https:\/\/api.w.org\/{rel}","templated":true}]}}